{"id":93,"date":"2023-11-09T20:51:24","date_gmt":"2023-11-09T20:51:24","guid":{"rendered":"https:\/\/editorialplanea.com.mx\/wp\/?page_id=93"},"modified":"2025-05-22T03:00:47","modified_gmt":"2025-05-22T03:00:47","slug":"segundo-semestre","status":"publish","type":"page","link":"https:\/\/editorialplanea.com.mx\/wp\/segundo-semestre\/","title":{"rendered":"SEGUNDO SEMESTRE"},"content":{"rendered":"\n<p class=\"has-text-align-right\">SERIE ISO<\/p>\n\n\n\n<div class=\"wp-block-columns alignwide is-layout-flex wp-container-core-columns-is-layout-d1c656ed wp-block-columns-is-layout-flex\">\n<div class=\"wp-block-column is-vertically-aligned-center is-layout-flow wp-block-column-is-layout-flow\" style=\"flex-basis:40%\">\n<h3 class=\"wp-block-heading is-style-asterisk\">CULTURA DIGITAL<\/h3>\n\n\n\n<p><strong><em><strong><em>Cosme Lorenzo Rodr\u00edguez<\/em><\/strong><\/em><\/strong><\/p>\n\n\n\n<p>\u2022Se asume como ciudadano digital con una postura cr\u00edtica e informada que le permite adaptarse a la disponibilidad de recursos y diversidad de contextos.<\/p>\n\n\n\n<p>\u2022Utiliza herramientas digitales para comunicarse y colaborar en el desarrollo de proyectos y actividades de acuerdo con sus necesidades y contextos.<\/p>\n\n\n\n<p>\u2022Soluciona problemas de su entorno utilizando el pensamiento y lenguaje algor\u00edtmico.<\/p>\n\n\n\n<p>\u2022Dise\u00f1a y elabora contenidos digitales mediante t\u00e9cnicas, m\u00e9todos, y recursos tecnol\u00f3gicos para fortalecer su creatividad e innovar en su vida cotidiana.<\/p>\n\n\n\n<p><\/p>\n<\/div>\n\n\n\n<div class=\"wp-block-column is-layout-flow wp-block-column-is-layout-flow\" style=\"flex-basis:50%\">\n<figure class=\"wp-block-image size-large\"><img fetchpriority=\"high\" decoding=\"async\" width=\"1024\" height=\"683\" src=\"https:\/\/editorialplanea.com.mx\/wp\/wp-content\/uploads\/2025\/05\/S2-2-1024x683.jpg\" alt=\"\" class=\"wp-image-519\" srcset=\"https:\/\/editorialplanea.com.mx\/wp\/wp-content\/uploads\/2025\/05\/S2-2-1024x683.jpg 1024w, https:\/\/editorialplanea.com.mx\/wp\/wp-content\/uploads\/2025\/05\/S2-2-300x200.jpg 300w, https:\/\/editorialplanea.com.mx\/wp\/wp-content\/uploads\/2025\/05\/S2-2-768x512.jpg 768w, https:\/\/editorialplanea.com.mx\/wp\/wp-content\/uploads\/2025\/05\/S2-2-1536x1024.jpg 1536w, https:\/\/editorialplanea.com.mx\/wp\/wp-content\/uploads\/2025\/05\/S2-2-2048x1365.jpg 2048w\" sizes=\"(max-width: 1024px) 100vw, 1024px\" \/><\/figure>\n<\/div>\n<\/div>\n\n\n\n<div class=\"wp-block-columns alignwide is-layout-flex wp-container-core-columns-is-layout-d1c656ed wp-block-columns-is-layout-flex\">\n<div class=\"wp-block-column is-vertically-aligned-center is-layout-flow wp-block-column-is-layout-flow\" style=\"flex-basis:40%\">\n<h3 class=\"wp-block-heading is-style-asterisk\">LENGUA Y COMUNICACI\u00d3N<\/h3>\n\n\n\n<p><strong><em>Soleil Green Mart\u00ednez<\/em><\/strong><\/p>\n\n\n\n<p>\u2022Valora discursos y expresiones provenientes de m\u00faltiples fuentes, situaciones y contextos para comprender, interactuar y explicar la realidad en la que vive; as\u00ed como tomar decisiones pertinentes en lo individual y social.<\/p>\n\n\n\n<p>\u2022Valora la informaci\u00f3n y toma una postura ante la informaci\u00f3n de diversos tipos de textos para ampliar sus conocimientos, perspectivas, cr\u00edticas y experiencias, que proporciona elementos para decidir sobre su vida personal, profesional y social.<\/p>\n\n\n\n<p>\u2022Trasmite conocimientos, cuestionamientos y experiencias a trav\u00e9s de manifestaciones verbales y no verbales, de acuerdo con la situaci\u00f3n, contexto e interlocutor, con el prop\u00f3sito de comprender, explicar su realidad y transformarla.<\/p>\n\n\n\n<p>\u2022Indaga sobre una situaci\u00f3n, fen\u00f3meno o problem\u00e1tica y divulga los resultados de su investigaci\u00f3n para beneficio de s\u00ed mismo o el medio que le rodea.<\/p>\n\n\n\n<p><\/p>\n<\/div>\n\n\n\n<div class=\"wp-block-column is-layout-flow wp-block-column-is-layout-flow\" style=\"flex-basis:50%\">\n<figure class=\"wp-block-image size-large\"><img decoding=\"async\" width=\"1024\" height=\"683\" src=\"https:\/\/editorialplanea.com.mx\/wp\/wp-content\/uploads\/2025\/05\/S2-6-1024x683.jpg\" alt=\"\" class=\"wp-image-523\" srcset=\"https:\/\/editorialplanea.com.mx\/wp\/wp-content\/uploads\/2025\/05\/S2-6-1024x683.jpg 1024w, https:\/\/editorialplanea.com.mx\/wp\/wp-content\/uploads\/2025\/05\/S2-6-300x200.jpg 300w, https:\/\/editorialplanea.com.mx\/wp\/wp-content\/uploads\/2025\/05\/S2-6-768x512.jpg 768w, https:\/\/editorialplanea.com.mx\/wp\/wp-content\/uploads\/2025\/05\/S2-6-1536x1024.jpg 1536w, https:\/\/editorialplanea.com.mx\/wp\/wp-content\/uploads\/2025\/05\/S2-6-2048x1365.jpg 2048w\" sizes=\"(max-width: 1024px) 100vw, 1024px\" \/><\/figure>\n<\/div>\n<\/div>\n\n\n\n<div class=\"wp-block-columns alignwide is-layout-flex wp-container-core-columns-is-layout-d1c656ed wp-block-columns-is-layout-flex\">\n<div class=\"wp-block-column is-vertically-aligned-center is-layout-flow wp-block-column-is-layout-flow\" style=\"flex-basis:40%\">\n<h3 class=\"wp-block-heading is-style-asterisk\">INGL\u00c9S<\/h3>\n\n\n\n<p><strong><em>Arnulfo Cancino Villica\u00f1a<\/em><\/strong><\/p>\n\n\n\n<ul class=\"wp-block-list\">\n<li>Comprende oralmente expresiones cotidianas de uso frecuente relacionadas con \u00e1reas de experiencia que le son especialmente relevantes (informaci\u00f3n b\u00e1sica sobre s\u00ed mismo y su familia, compras, lugares de inter\u00e9s, ocupaciones, etc.).<\/li>\n\n\n\n<li>Utiliza oralmente expresiones cotidianas de uso frecuente relacionadas con \u00e1reas de experiencia que le son especialmente relevantes (informaci\u00f3n b\u00e1sica sobre s\u00ed mismo y su familia, compras, lugares de inter\u00e9s, ocupaciones, etc.).<\/li>\n\n\n\n<li>Interpreta adecuadamente textos escritos sencillos y expresiones cotidianas de uso frecuente relacionadas con \u00e1reas de experiencia que son especialmente relevantes (informaci\u00f3n b\u00e1sica sobre la familia, compras, lugares de inter\u00e9s, ocupaciones, entre otros).<\/li>\n\n\n\n<li>Escribe frases y oraciones cotidianas de uso frecuente relacionadas con \u00e1reas de experiencia que le son especialmente relevantes (informaci\u00f3n b\u00e1sica sobre s\u00ed mismo y su familia, compras, lugares de inter\u00e9s, ocupaciones, entre otros).<\/li>\n<\/ul>\n\n\n\n<p><\/p>\n<\/div>\n\n\n\n<div class=\"wp-block-column is-layout-flow wp-block-column-is-layout-flow\" style=\"flex-basis:50%\">\n<figure class=\"wp-block-image size-large\"><img decoding=\"async\" width=\"1024\" height=\"683\" src=\"https:\/\/editorialplanea.com.mx\/wp\/wp-content\/uploads\/2025\/05\/S2-5-1024x683.jpg\" alt=\"\" class=\"wp-image-522\" srcset=\"https:\/\/editorialplanea.com.mx\/wp\/wp-content\/uploads\/2025\/05\/S2-5-1024x683.jpg 1024w, https:\/\/editorialplanea.com.mx\/wp\/wp-content\/uploads\/2025\/05\/S2-5-300x200.jpg 300w, https:\/\/editorialplanea.com.mx\/wp\/wp-content\/uploads\/2025\/05\/S2-5-768x512.jpg 768w, https:\/\/editorialplanea.com.mx\/wp\/wp-content\/uploads\/2025\/05\/S2-5-1536x1024.jpg 1536w, https:\/\/editorialplanea.com.mx\/wp\/wp-content\/uploads\/2025\/05\/S2-5-2048x1365.jpg 2048w\" sizes=\"(max-width: 1024px) 100vw, 1024px\" \/><\/figure>\n<\/div>\n<\/div>\n\n\n\n<div class=\"wp-block-columns alignwide is-layout-flex wp-container-core-columns-is-layout-d1c656ed wp-block-columns-is-layout-flex\">\n<div class=\"wp-block-column is-vertically-aligned-center is-layout-flow wp-block-column-is-layout-flow\" style=\"flex-basis:40%\">\n<h3 class=\"wp-block-heading is-style-asterisk\">HUMANIDADES<\/h3>\n\n\n\n<p><strong><em>Sidartha J. Vidal Romero<\/em><\/strong><\/p>\n\n\n\n<p>\u2022Cuestiona y argumenta los significados (culturales, pol\u00edticos, hist\u00f3ricos, tecnol\u00f3gicos, naturales, entre otros) de las pr\u00e1cticas, discursos, instituciones y acontecimientos que constituyen su vida para fortalecer su afectividad y sus capacidades de construir su experiencia individual y colectiva.<\/p>\n\n\n\n<p>\u2022Somete a cr\u00edtica los significados del estar juntos, c\u00f3mo se conciben y experimentan las relaciones colectivas y con la naturaleza que potencian su capacidad de decisi\u00f3n ante situaciones y problem\u00e1ticas de su vida.<\/p>\n\n\n\n<p>\u2022Se asume como agente de s\u00ed mismo y de la colectividad al experimentar los acontecimientos, discursos, instituciones, im\u00e1genes, objetos y pr\u00e1cticas que conforman sus vivencias.<\/p>\n\n\n\n<p><\/p>\n<\/div>\n\n\n\n<div class=\"wp-block-column is-layout-flow wp-block-column-is-layout-flow\" style=\"flex-basis:50%\">\n<figure class=\"wp-block-image size-large\"><img loading=\"lazy\" decoding=\"async\" width=\"1024\" height=\"683\" src=\"https:\/\/editorialplanea.com.mx\/wp\/wp-content\/uploads\/2025\/05\/S2-4-1024x683.jpg\" alt=\"\" class=\"wp-image-521\" srcset=\"https:\/\/editorialplanea.com.mx\/wp\/wp-content\/uploads\/2025\/05\/S2-4-1024x683.jpg 1024w, https:\/\/editorialplanea.com.mx\/wp\/wp-content\/uploads\/2025\/05\/S2-4-300x200.jpg 300w, https:\/\/editorialplanea.com.mx\/wp\/wp-content\/uploads\/2025\/05\/S2-4-768x512.jpg 768w, https:\/\/editorialplanea.com.mx\/wp\/wp-content\/uploads\/2025\/05\/S2-4-1536x1024.jpg 1536w, https:\/\/editorialplanea.com.mx\/wp\/wp-content\/uploads\/2025\/05\/S2-4-2048x1365.jpg 2048w\" sizes=\"(max-width: 1024px) 100vw, 1024px\" \/><\/figure>\n<\/div>\n<\/div>\n\n\n\n<div class=\"wp-block-columns alignwide is-layout-flex wp-container-core-columns-is-layout-d1c656ed wp-block-columns-is-layout-flex\">\n<div class=\"wp-block-column is-vertically-aligned-center is-layout-flow wp-block-column-is-layout-flow\" style=\"flex-basis:40%\">\n<h3 class=\"wp-block-heading is-style-asterisk\">CONSERVACI\u00d3N DE LA ENERG\u00cdA Y SUS INTERACCIONES CON LA MATERIA<\/h3>\n\n\n\n<p><strong><em>Carlos Mart\u00ednez Almar\u00e1z<\/em><\/strong><\/p>\n\n\n\n<p>\u2022Comprender qu\u00e9 es la materia y concebir sus interacciones para explicar muchas observaciones y fen\u00f3menos que se experimentan en la vida diaria. A partir de una profunda comprensi\u00f3n de la estructura de la materia y de sus posibles combinaciones identifican por qu\u00e9 hay tantas y tan diferentes sustancias en el universo. Explican que la circulaci\u00f3n de materia y energ\u00eda est\u00e1 presente en todos los materiales y organismos vivos del planeta.<\/p>\n\n\n\n<p>\u2022Comprender que la conservaci\u00f3n de la energ\u00eda es un principio que se utiliza en todas las disciplinas cient\u00edficas y en la tecnolog\u00eda, ya que aplica a todos los fen\u00f3menos naturales, experimentales y tecnolog\u00eda, conocidos; se utiliza tanto para dar sentido al mundo que nos rodea, como para dise\u00f1ar y construir muchos dispositivos que utilizamos en la vida cotidiana.<\/p>\n\n\n\n<p>\u2022Valorar el papel que juegan los ecosistemas y los sistemas biol\u00f3gicos de la tierra, a trav\u00e9s de la comprensi\u00f3n de las interacciones de sus componentes. Identificar que toda la materia en los ecosistemas circula entre organismos vivos y no vivos, y que todos requieren de un flujo continuo de energ\u00eda.<\/p>\n\n\n\n<p><\/p>\n<\/div>\n\n\n\n<div class=\"wp-block-column is-layout-flow wp-block-column-is-layout-flow\" style=\"flex-basis:50%\">\n<figure class=\"wp-block-image size-large\"><img loading=\"lazy\" decoding=\"async\" width=\"1024\" height=\"683\" src=\"https:\/\/editorialplanea.com.mx\/wp\/wp-content\/uploads\/2025\/05\/S2-1-1024x683.jpg\" alt=\"\" class=\"wp-image-518\" srcset=\"https:\/\/editorialplanea.com.mx\/wp\/wp-content\/uploads\/2025\/05\/S2-1-1024x683.jpg 1024w, https:\/\/editorialplanea.com.mx\/wp\/wp-content\/uploads\/2025\/05\/S2-1-300x200.jpg 300w, https:\/\/editorialplanea.com.mx\/wp\/wp-content\/uploads\/2025\/05\/S2-1-768x512.jpg 768w, https:\/\/editorialplanea.com.mx\/wp\/wp-content\/uploads\/2025\/05\/S2-1-1536x1024.jpg 1536w, https:\/\/editorialplanea.com.mx\/wp\/wp-content\/uploads\/2025\/05\/S2-1-2048x1365.jpg 2048w\" sizes=\"(max-width: 1024px) 100vw, 1024px\" \/><\/figure>\n<\/div>\n<\/div>\n\n\n\n<div class=\"wp-block-columns alignwide is-layout-flex wp-container-core-columns-is-layout-d1c656ed wp-block-columns-is-layout-flex\">\n<div class=\"wp-block-column is-vertically-aligned-center is-layout-flow wp-block-column-is-layout-flow\" style=\"flex-basis:40%\">\n<h3 class=\"wp-block-heading is-style-asterisk\">PENSAMIENTO MATEM\u00c1TICO<\/h3>\n\n\n\n<p><strong><em>Andr\u00e9s Huesca Lozano<\/em><\/strong><\/p>\n\n\n\n<p>\u2022Valora la aplicaci\u00f3n de procedimientos autom\u00e1ticos y algor\u00edtmicos, as\u00ed como la interpretaci\u00f3n de sus resultados, para anticipar, encontrar y validar soluciones a problemas matem\u00e1ticos, de \u00e1reas del conocimiento y de su vida personal.<\/p>\n\n\n\n<p>\u2022Adopta procesos de razonamiento matem\u00e1tico tanto intuitivos como formales tales como observar, intuir, conjeturar y argumentar, para relacionar informaci\u00f3n y obtener conclusiones de problemas (matem\u00e1ticos, de las ciencias naturales, experimentales y tecnolog\u00eda, sociales, humanidades, y de la vida cotidiana).<\/p>\n\n\n\n<p>\u2022Modela y propone soluciones a problemas tanto te\u00f3ricos como de su entorno, empleando lenguaje y t\u00e9cnicas matem\u00e1ticas.<\/p>\n\n\n\n<p>\u2022Explica el planteamiento de posibles soluciones a problemas y la descripci\u00f3n de situaciones en el contexto que les dio origen empleando lenguaje matem\u00e1tico y lo comunica a sus pares para analizar su pertinencia.<\/p>\n\n\n\n<p><\/p>\n<\/div>\n\n\n\n<div class=\"wp-block-column is-layout-flow wp-block-column-is-layout-flow\" style=\"flex-basis:50%\">\n<figure class=\"wp-block-image size-large\"><img loading=\"lazy\" decoding=\"async\" width=\"1024\" height=\"683\" src=\"https:\/\/editorialplanea.com.mx\/wp\/wp-content\/uploads\/2025\/05\/S2-7-1024x683.jpg\" alt=\"\" class=\"wp-image-524\" srcset=\"https:\/\/editorialplanea.com.mx\/wp\/wp-content\/uploads\/2025\/05\/S2-7-1024x683.jpg 1024w, https:\/\/editorialplanea.com.mx\/wp\/wp-content\/uploads\/2025\/05\/S2-7-300x200.jpg 300w, https:\/\/editorialplanea.com.mx\/wp\/wp-content\/uploads\/2025\/05\/S2-7-768x512.jpg 768w, https:\/\/editorialplanea.com.mx\/wp\/wp-content\/uploads\/2025\/05\/S2-7-1536x1024.jpg 1536w, https:\/\/editorialplanea.com.mx\/wp\/wp-content\/uploads\/2025\/05\/S2-7-2048x1365.jpg 2048w\" sizes=\"(max-width: 1024px) 100vw, 1024px\" \/><\/figure>\n<\/div>\n<\/div>\n\n\n\n<div class=\"wp-block-columns alignwide is-layout-flex wp-container-core-columns-is-layout-d1c656ed wp-block-columns-is-layout-flex\">\n<div class=\"wp-block-column is-vertically-aligned-center is-layout-flow wp-block-column-is-layout-flow\" style=\"flex-basis:40%\">\n<h3 class=\"wp-block-heading is-style-asterisk\">CIENCIAS SOCIALES<\/h3>\n\n\n\n<p><strong><em>Leticia Garc\u00eda Galicia<\/em><\/strong><\/p>\n\n\n\n<p>\u2022Construye explicaciones de c\u00f3mo las sociedades y el \u00e1mbito de lo p\u00fablico satisfacen sus necesidades y generan alternativas que ayuden a transformar su entorno hacia una sociedad m\u00e1s justa y equitativa.<\/p>\n\n\n\n<p>\u2022Se asume como agente de transformaci\u00f3n social desde sus grupos, roles, contextos y circunstancias, a partir de la explicaci\u00f3n y articulaci\u00f3n de las estructuras, relaciones e interacciones sociales.<\/p>\n\n\n\n<p>\u2022Valora los cambios sociales, jur\u00eddicos y del Estado para participar en la construcci\u00f3n de una sociedad sostenible y sustentable.<\/p>\n\n\n\n<p>\u2022Eval\u00faa las funciones y desempe\u00f1o del Estado para ejercer su derecho participativo e intervenir en la soluci\u00f3n en el espacio p\u00fablico de problemas del contexto, que afectan en lo personal, lo familiar y en lo social.<\/p>\n\n\n\n<p>\u2022Analiza la actuaci\u00f3n de grupos pol\u00edticos o de poder y asume una postura cr\u00edtica con el prop\u00f3sito de construir una sociedad m\u00e1s justa y equitativa.<\/p>\n\n\n\n<p><\/p>\n<\/div>\n\n\n\n<div class=\"wp-block-column is-layout-flow wp-block-column-is-layout-flow\" style=\"flex-basis:50%\">\n<figure class=\"wp-block-image size-large\"><img loading=\"lazy\" decoding=\"async\" width=\"1024\" height=\"683\" src=\"https:\/\/editorialplanea.com.mx\/wp\/wp-content\/uploads\/2025\/05\/S2-3-1024x683.jpg\" alt=\"\" class=\"wp-image-520\" srcset=\"https:\/\/editorialplanea.com.mx\/wp\/wp-content\/uploads\/2025\/05\/S2-3-1024x683.jpg 1024w, https:\/\/editorialplanea.com.mx\/wp\/wp-content\/uploads\/2025\/05\/S2-3-300x200.jpg 300w, https:\/\/editorialplanea.com.mx\/wp\/wp-content\/uploads\/2025\/05\/S2-3-768x512.jpg 768w, https:\/\/editorialplanea.com.mx\/wp\/wp-content\/uploads\/2025\/05\/S2-3-1536x1024.jpg 1536w, https:\/\/editorialplanea.com.mx\/wp\/wp-content\/uploads\/2025\/05\/S2-3-2048x1365.jpg 2048w\" sizes=\"(max-width: 1024px) 100vw, 1024px\" \/><\/figure>\n<\/div>\n<\/div>\n\n\n\n<div class=\"wp-block-columns alignwide is-layout-flex wp-container-core-columns-is-layout-d1c656ed wp-block-columns-is-layout-flex\">\n<div class=\"wp-block-column is-vertically-aligned-center is-layout-flow wp-block-column-is-layout-flow\" style=\"flex-basis:40%\">\n<h3 class=\"wp-block-heading is-style-asterisk\">TALLER DE CIENCIAS 1<\/h3>\n\n\n\n<p><strong><em>Mildred Salgado-M\u00e9nez<\/em><\/strong><\/p>\n\n\n\n<p>\u2022Comprender qu\u00e9 es la materia y conciben sus interacciones para explicar muchas observaciones y fen\u00f3menos que experimentan en la vida diaria. A partir de una profunda comprensi\u00f3n de la estructura de la materia y de sus posibles combinaciones identifican por qu\u00e9 hay tantas y tan diferentes sustancias en el universo. Explican que la circulaci\u00f3n de materia y energ\u00eda est\u00e1 presente en todos los materiales y organismos vivos del planeta. Finalmente, los materiales nuevos pueden ser dise\u00f1ados a partir de la comprensi\u00f3n de la naturaleza de la materia y ser utilizados como herramientas tecnol\u00f3gicas para la vida cotidiana.<\/p>\n\n\n\n<p><\/p>\n<\/div>\n\n\n\n<div class=\"wp-block-column is-layout-flow wp-block-column-is-layout-flow\" style=\"flex-basis:50%\">\n<figure class=\"wp-block-image size-large\"><img loading=\"lazy\" decoding=\"async\" width=\"1024\" height=\"683\" src=\"https:\/\/editorialplanea.com.mx\/wp\/wp-content\/uploads\/2025\/05\/S2-8-1024x683.jpg\" alt=\"\" class=\"wp-image-525\" srcset=\"https:\/\/editorialplanea.com.mx\/wp\/wp-content\/uploads\/2025\/05\/S2-8-1024x683.jpg 1024w, https:\/\/editorialplanea.com.mx\/wp\/wp-content\/uploads\/2025\/05\/S2-8-300x200.jpg 300w, https:\/\/editorialplanea.com.mx\/wp\/wp-content\/uploads\/2025\/05\/S2-8-768x512.jpg 768w, https:\/\/editorialplanea.com.mx\/wp\/wp-content\/uploads\/2025\/05\/S2-8-1536x1024.jpg 1536w, https:\/\/editorialplanea.com.mx\/wp\/wp-content\/uploads\/2025\/05\/S2-8-2048x1365.jpg 2048w\" sizes=\"(max-width: 1024px) 100vw, 1024px\" \/><\/figure>\n<\/div>\n<\/div>\n","protected":false},"excerpt":{"rendered":"<p>SERIE ISO CULTURA DIGITAL Cosme Lorenzo Rodr\u00edguez \u2022Se asume como ciudadano digital con una postura cr\u00edtica e informada que le permite adaptarse a la disponibilidad de recursos y diversidad de contextos. \u2022Utiliza herramientas digitales para comunicarse y colaborar en el desarrollo de proyectos y actividades de acuerdo con sus necesidades y contextos. \u2022Soluciona problemas de [&hellip;]<\/p>\n","protected":false},"author":1,"featured_media":0,"parent":0,"menu_order":0,"comment_status":"closed","ping_status":"closed","template":"","meta":{"footnotes":""},"class_list":["post-93","page","type-page","status-publish","hentry"],"_links":{"self":[{"href":"https:\/\/editorialplanea.com.mx\/wp\/wp-json\/wp\/v2\/pages\/93","targetHints":{"allow":["GET"]}}],"collection":[{"href":"https:\/\/editorialplanea.com.mx\/wp\/wp-json\/wp\/v2\/pages"}],"about":[{"href":"https:\/\/editorialplanea.com.mx\/wp\/wp-json\/wp\/v2\/types\/page"}],"author":[{"embeddable":true,"href":"https:\/\/editorialplanea.com.mx\/wp\/wp-json\/wp\/v2\/users\/1"}],"replies":[{"embeddable":true,"href":"https:\/\/editorialplanea.com.mx\/wp\/wp-json\/wp\/v2\/comments?post=93"}],"version-history":[{"count":7,"href":"https:\/\/editorialplanea.com.mx\/wp\/wp-json\/wp\/v2\/pages\/93\/revisions"}],"predecessor-version":[{"id":585,"href":"https:\/\/editorialplanea.com.mx\/wp\/wp-json\/wp\/v2\/pages\/93\/revisions\/585"}],"wp:attachment":[{"href":"https:\/\/editorialplanea.com.mx\/wp\/wp-json\/wp\/v2\/media?parent=93"}],"curies":[{"name":"wp","href":"https:\/\/api.w.org\/{rel}","templated":true}]}}